{"id":101,"date":"2023-09-26T10:14:19","date_gmt":"2023-09-26T08:14:19","guid":{"rendered":"https:\/\/lafermeduharby.be\/?page_id=101"},"modified":"2024-02-24T15:25:19","modified_gmt":"2024-02-24T14:25:19","slug":"ferme-pedagogique","status":"publish","type":"page","link":"https:\/\/lafermeduharby.be\/?page_id=101","title":{"rendered":"Ferme p\u00e9dagogique"},"content":{"rendered":"\t\t<div data-elementor-type=\"wp-page\" data-elementor-id=\"101\" class=\"elementor elementor-101\">\n\t\t\t\t\t\t<section class=\"elementor-section elementor-top-section elementor-element elementor-element-2ca2ff8 elementor-section-boxed elementor-section-height-default elementor-section-height-default\" data-id=\"2ca2ff8\" data-element_type=\"section\" data-e-type=\"section\">\n\t\t\t\t\t\t<div class=\"elementor-container elementor-column-gap-default\">\n\t\t\t\t\t<div class=\"elementor-column elementor-col-50 elementor-top-column elementor-element elementor-element-651183e\" data-id=\"651183e\" data-element_type=\"column\" data-e-type=\"column\">\n\t\t\t<div class=\"elementor-widget-wrap elementor-element-populated\">\n\t\t\t\t\t\t<div class=\"elementor-element elementor-element-820ecda elementor-arrows-position-inside elementor-pagination-position-outside elementor-widget elementor-widget-image-carousel\" data-id=\"820ecda\" data-element_type=\"widget\" data-e-type=\"widget\" data-settings=\"{&quot;slides_to_show&quot;:&quot;1&quot;,&quot;navigation&quot;:&quot;both&quot;,&quot;autoplay&quot;:&quot;yes&quot;,&quot;pause_on_hover&quot;:&quot;yes&quot;,&quot;pause_on_interaction&quot;:&quot;yes&quot;,&quot;autoplay_speed&quot;:5000,&quot;infinite&quot;:&quot;yes&quot;,&quot;effect&quot;:&quot;slide&quot;,&quot;speed&quot;:500}\" data-widget_type=\"image-carousel.default\">\n\t\t\t\t<div class=\"elementor-widget-container\">\n\t\t\t\t\t\t\t<div class=\"elementor-image-carousel-wrapper swiper\" role=\"region\" aria-roledescription=\"carousel\" aria-label=\"Carrousel d\u2019images\" dir=\"ltr\">\n\t\t\t<div class=\"elementor-image-carousel swiper-wrapper swiper-image-stretch\" aria-live=\"off\">\n\t\t\t\t\t\t\t\t<div class=\"swiper-slide\" role=\"group\" aria-roledescription=\"slide\" aria-label=\"1 sur 5\"><figure class=\"swiper-slide-inner\"><img decoding=\"async\" class=\"swiper-slide-image\" src=\"https:\/\/lafermeduharby.be\/wp-content\/uploads\/2023\/12\/IMG_9566_DxO-scaled.jpg\" alt=\"IMG_9566_DxO\" \/><\/figure><\/div><div class=\"swiper-slide\" role=\"group\" aria-roledescription=\"slide\" aria-label=\"2 sur 5\"><figure class=\"swiper-slide-inner\"><img decoding=\"async\" class=\"swiper-slide-image\" src=\"https:\/\/lafermeduharby.be\/wp-content\/uploads\/2023\/12\/IMG_9619_DxO-scaled.jpg\" alt=\"IMG_9619_DxO\" \/><\/figure><\/div><div class=\"swiper-slide\" role=\"group\" aria-roledescription=\"slide\" aria-label=\"3 sur 5\"><figure class=\"swiper-slide-inner\"><img decoding=\"async\" class=\"swiper-slide-image\" src=\"https:\/\/lafermeduharby.be\/wp-content\/uploads\/2023\/12\/IMG_9542_DxO-scaled.jpg\" alt=\"IMG_9542_DxO\" \/><\/figure><\/div><div class=\"swiper-slide\" role=\"group\" aria-roledescription=\"slide\" aria-label=\"4 sur 5\"><figure class=\"swiper-slide-inner\"><img decoding=\"async\" class=\"swiper-slide-image\" src=\"https:\/\/lafermeduharby.be\/wp-content\/uploads\/2023\/12\/harby4.png\" alt=\"harby4\" \/><\/figure><\/div><div class=\"swiper-slide\" role=\"group\" aria-roledescription=\"slide\" aria-label=\"5 sur 5\"><figure class=\"swiper-slide-inner\"><img decoding=\"async\" class=\"swiper-slide-image\" src=\"https:\/\/lafermeduharby.be\/wp-content\/uploads\/2023\/12\/harby5.png\" alt=\"harby5\" \/><\/figure><\/div>\t\t\t<\/div>\n\t\t\t\t\t\t\t\t\t\t\t\t<div class=\"elementor-swiper-button elementor-swiper-button-prev\" role=\"button\" tabindex=\"0\">\n\t\t\t\t\t\t<i aria-hidden=\"true\" class=\"eicon-chevron-left\"><\/i>\t\t\t\t\t<\/div>\n\t\t\t\t\t<div class=\"elementor-swiper-button elementor-swiper-button-next\" role=\"button\" tabindex=\"0\">\n\t\t\t\t\t\t<i aria-hidden=\"true\" class=\"eicon-chevron-right\"><\/i>\t\t\t\t\t<\/div>\n\t\t\t\t\n\t\t\t\t\t\t\t\t\t<div class=\"swiper-pagination\"><\/div>\n\t\t\t\t\t\t\t\t\t<\/div>\n\t\t\t\t\t\t<\/div>\n\t\t\t\t<\/div>\n\t\t\t\t\t<\/div>\n\t\t<\/div>\n\t\t\t\t<div class=\"elementor-column elementor-col-50 elementor-top-column elementor-element elementor-element-4097f79\" data-id=\"4097f79\" data-element_type=\"column\" data-e-type=\"column\">\n\t\t\t<div class=\"elementor-widget-wrap elementor-element-populated\">\n\t\t\t\t\t\t<div class=\"elementor-element elementor-element-f16ce96 elementor-widget elementor-widget-text-editor\" data-id=\"f16ce96\" data-element_type=\"widget\" data-e-type=\"widget\" data-widget_type=\"text-editor.default\">\n\t\t\t\t<div class=\"elementor-widget-container\">\n\t\t\t\t\t\t\t\t\t<p style=\"font-variant-ligatures: normal; font-variant-caps: normal; font-family: Roboto, sans-serif; font-style: normal;\"><em style=\"font-size: 20px;\"><strong>J&rsquo;entends et j\u2019oublie<\/strong><br \/><strong>Je vois et je me souviens<\/strong><br \/><strong>Je fais et je comprends<\/strong><br \/><\/em>Proverbe Chinois<\/p>\t\t\t\t\t\t\t\t<\/div>\n\t\t\t\t<\/div>\n\t\t\t\t\t<\/div>\n\t\t<\/div>\n\t\t\t\t\t<\/div>\n\t\t<\/section>\n\t\t\t\t<section class=\"elementor-section elementor-top-section elementor-element elementor-element-6a572df elementor-section-boxed elementor-section-height-default elementor-section-height-default\" data-id=\"6a572df\" data-element_type=\"section\" data-e-type=\"section\">\n\t\t\t\t\t\t<div class=\"elementor-container elementor-column-gap-default\">\n\t\t\t\t\t<div class=\"elementor-column elementor-col-50 elementor-top-column elementor-element elementor-element-3d307d6\" data-id=\"3d307d6\" data-element_type=\"column\" data-e-type=\"column\">\n\t\t\t<div class=\"elementor-widget-wrap elementor-element-populated\">\n\t\t\t\t\t\t<div class=\"elementor-element elementor-element-6625c1a elementor-widget__width-initial elementor-view-default elementor-widget elementor-widget-icon\" data-id=\"6625c1a\" data-element_type=\"widget\" data-e-type=\"widget\" data-widget_type=\"icon.default\">\n\t\t\t\t<div class=\"elementor-widget-container\">\n\t\t\t\t\t\t\t<div class=\"elementor-icon-wrapper\">\n\t\t\t<div class=\"elementor-icon\">\n\t\t\t<i aria-hidden=\"true\" class=\"fas fa-tractor\"><\/i>\t\t\t<\/div>\n\t\t<\/div>\n\t\t\t\t\t\t<\/div>\n\t\t\t\t<\/div>\n\t\t\t\t\t<\/div>\n\t\t<\/div>\n\t\t\t\t<div class=\"elementor-column elementor-col-50 elementor-top-column elementor-element elementor-element-d6d214b\" data-id=\"d6d214b\" data-element_type=\"column\" data-e-type=\"column\">\n\t\t\t<div class=\"elementor-widget-wrap elementor-element-populated\">\n\t\t\t\t\t\t<div class=\"elementor-element elementor-element-5f1969a elementor-widget__width-initial elementor-widget elementor-widget-text-editor\" data-id=\"5f1969a\" data-element_type=\"widget\" data-e-type=\"widget\" data-settings=\"{&quot;_animation&quot;:&quot;none&quot;}\" data-widget_type=\"text-editor.default\">\n\t\t\t\t<div class=\"elementor-widget-container\">\n\t\t\t\t\t\t\t\t\t<h2><span style=\"color: #0000ff;\"><a style=\"color: #0000ff;\" href=\"http:\/\/lafermeduharby.be\/wp-content\/uploads\/2024\/02\/prospectus_classes2024.pdf\">Effectuer une r\u00e9servation<\/a><\/span><\/h2>\t\t\t\t\t\t\t\t<\/div>\n\t\t\t\t<\/div>\n\t\t\t\t\t<\/div>\n\t\t<\/div>\n\t\t\t\t\t<\/div>\n\t\t<\/section>\n\t\t\t\t<section class=\"elementor-section elementor-top-section elementor-element elementor-element-43e5a948 elementor-section-boxed elementor-section-height-default elementor-section-height-default\" data-id=\"43e5a948\" data-element_type=\"section\" data-e-type=\"section\">\n\t\t\t\t\t\t<div class=\"elementor-container elementor-column-gap-default\">\n\t\t\t\t\t<div class=\"elementor-column elementor-col-100 elementor-top-column elementor-element elementor-element-13191914\" data-id=\"13191914\" data-element_type=\"column\" data-e-type=\"column\">\n\t\t\t<div class=\"elementor-widget-wrap elementor-element-populated\">\n\t\t\t\t\t\t<div class=\"elementor-element elementor-element-50c79ed5 elementor-widget elementor-widget-text-editor\" data-id=\"50c79ed5\" data-element_type=\"widget\" data-e-type=\"widget\" data-widget_type=\"text-editor.default\">\n\t\t\t\t<div class=\"elementor-widget-container\">\n\t\t\t\t\t\t\t\t\t<p><\/p>\n<p style=\"font-variant-ligatures: normal; font-variant-caps: normal; font-family: Roboto, sans-serif; font-size: 14px; font-style: normal; font-weight: 400;\"><strong>Depuis quelques ann\u00e9es<\/strong>, un certain nombre de fermes ouvrent leurs portes aux enfants et leur permettent d\u2019appr\u00e9hender les r\u00e9alit\u00e9s du m\u00e9tier d\u2019agriculteur.&nbsp;<span style=\"font-size: 14px; font-weight: 600;\">V\u00e9ritables exploitations agricoles<\/span>, ces fermes p\u00e9dagogiques ont pour objectif de faire d\u00e9couvrir l\u2019agriculture d\u2019aujourd\u2019hui et le milieu rural dans toutes leurs composantes. Elles proposent des activit\u00e9s \u00e0 vocation \u00e9ducative bas\u00e9es sur le fonctionnement r\u00e9el de l\u2019exploitation et selon les vrais rythmes des agriculteurs.<\/p>\n<p style=\"font-variant-ligatures: normal; font-variant-caps: normal; font-family: Roboto, sans-serif; font-size: 14px; font-style: normal; font-weight: 400;\">&nbsp;Effectuer une r\u00e9servation<\/p>\n<p><span style=\"font-size: 14px; font-weight: 600;\">Projet p\u00e9dagogique&nbsp;:<\/span><br><span style=\"font-size: 14px; font-weight: 600;\">Le principe de la visite sera une p\u00e9dagogie active<\/span>, durant laquelle l\u2019on fera participer au maximum les enfants&nbsp;: ainsi les gestes de l\u2019agriculteur seront d\u00e9multipli\u00e9s en une multitudes de gestes d\u2019enfants pour aboutir au but final qui est de comprendre ce qui se<br>passe dans une ferme.<br>Pour les plus jeunes, la&nbsp;<span style=\"font-size: 14px; font-weight: 600;\">sollicitation des 5 sens<\/span>&nbsp;sera permanente et aura pour effet de stimuler leur initiative et en m\u00eame temps d\u2019agir intelligemment tout en respectant les r\u00e8gles \u00e9l\u00e9mentaires de s\u00e9curit\u00e9 et de respect.<br>Au fur et \u00e0 mesure des ann\u00e9es primaires et d\u00e9but secondaire, la r\u00e9f\u00e9rence aux mati\u00e8res enseign\u00e9es interviendra de fa\u00e7on de plus en plus pertinente, citons le calcul et les maths, toutes les sciences (biologie, physique, chimie), l\u2019histoire (r\u00e9f\u00e9rence \u00e0 \u00ab&nbsp;<em style=\"font-size: 14px;\">comment c\u2019\u00e9tait autrefois<\/em>&nbsp;\u00bb\u2026) le fran\u00e7ais (tellement le vocabulaire agricole est riche d\u2019expressions, de mots sp\u00e9cifiques, de pr\u00e9cisions du langage).<\/p>\n<ul style=\"font-variant-ligatures: normal; font-variant-caps: normal; font-family: Roboto, sans-serif; font-size: 14px; font-style: normal; font-weight: 400;\">\n<li style=\"list-style-type: none;\">\n<ul style=\"font-variant-ligatures: normal; font-variant-caps: normal; font-family: Roboto, sans-serif; font-size: 14px; font-style: normal; font-weight: 400;\">\n<li style=\"font-size: 14px;\"><span style=\"font-size: 14px; font-weight: 600;\">Description des activit\u00e9s<\/span><br><span style=\"font-size: 14px; font-weight: 600;\">\u00ab Module ferme \u00bb<\/span>&nbsp;: soin et traite des vaches (\u00e0 la main et avec trayeuse), mise au pr\u00e9 des animaux, soins de tous les animaux pr\u00e9sents \u00e0 la ferme (bovins, chevaux et poneys, lapins, poules, ch\u00e8vres, moutons,,\u2026), approche et monte individuelle de poneys, parcours verts en partie \u00e0 pied en partie sur remorque tir\u00e9e par un tracteur<br><span style=\"font-size: 14px; font-weight: 600;\">\u00ab Module \u00e9quitation et ferme \u00bb<\/span>&nbsp;: outre le programme \u00ab ferme \u00bb, les enfants participeront \u00e0 une petite le\u00e7on d\u2019\u00e9quitation en alternance avec les ateliers qui, selon le choix d\u00e9fini au moment de la r\u00e9servation, pourront \u00eatre ax\u00e9s sur les th\u00e8mes suivants :<br><span style=\"font-size: 14px; font-weight: 600;\">Nature\/Musique\/Artisanat\/Cuisine\/Pain<\/span>&nbsp;suivant les souhaits et la disponibilit\u00e9 des animateurs<\/li>\n<\/ul>\n<\/li>\n<\/ul>\n<ul style=\"font-variant-ligatures: normal; font-variant-caps: normal; font-family: Roboto, sans-serif; font-size: 14px; font-style: normal; font-weight: 400;\">\n<li style=\"list-style-type: none;\">\n<ul style=\"font-variant-ligatures: normal; font-variant-caps: normal; font-family: Roboto, sans-serif; font-size: 14px; font-style: normal; font-weight: 400;\">\n<li style=\"font-size: 14px;\"><span style=\"font-size: 14px; font-weight: 600;\">Les enfants restent sous la surveillance des accompagnants durant 1 heure le midi (pique- nique ou repas complet pr\u00e9vu en cas de s\u00e9jour).<br>Un local am\u00e9nag\u00e9 est \u00e0 la disposition du groupe avec sanitaire et petite cuisine.<br>Pour une visite confortable, ne pas oublier de pr\u00e9voir des chaussures pour les activit\u00e9s d\u2019int\u00e9rieur, des bottes pour les activit\u00e9s d\u2019ext\u00e9rieur<\/span><\/li>\n<\/ul>\n<\/li>\n<\/ul>\n<ul style=\"font-variant-ligatures: normal; font-variant-caps: normal; font-family: Roboto, sans-serif; font-size: 14px; font-style: normal; font-weight: 400;\">\n<li style=\"font-size: 14px;\">Un programme d\u2019animation peut \u00eatre \u00e9galement con\u00e7u pour un s\u00e9jour prolong\u00e9 2-3 jours, voire 1 semaine.<br>Pour ce cas, si un h\u00e9bergement est souhait\u00e9, cela sera possible dans les g\u00eetes suivants :<br>1) \u00ab Ferme DENAYS \u00bb : Route Provinciale, 101 (\u00e0 3 Km)<br>7760 CELLES<br>2) \u00ab Centre Protestant \u00bb : Rue Verte Voie, 16 (\u00e0 7 Km)<br>7750 AMOUGIES<br>3) \u00abG\u00eete de Grand Rieu \u00bb : Rue Grand Rieu, 15 (15 Km)<br>7911 Frasnes<br>4) \u00ab&nbsp;Liedericq, le petit g\u00e9ant&nbsp;\u00bb rue de la Cure, 1<br>7750 Russeignies<\/li>\n<\/ul>\n<p><\/p>\t\t\t\t\t\t\t\t<\/div>\n\t\t\t\t<\/div>\n\t\t\t\t\t<\/div>\n\t\t<\/div>\n\t\t\t\t\t<\/div>\n\t\t<\/section>\n\t\t\t\t<section class=\"elementor-section elementor-top-section elementor-element elementor-element-b153251 elementor-section-boxed elementor-section-height-default elementor-section-height-default\" data-id=\"b153251\" data-element_type=\"section\" data-e-type=\"section\">\n\t\t\t\t\t\t<div class=\"elementor-container elementor-column-gap-default\">\n\t\t\t\t\t<div class=\"elementor-column elementor-col-50 elementor-top-column elementor-element elementor-element-e232217\" data-id=\"e232217\" data-element_type=\"column\" data-e-type=\"column\">\n\t\t\t<div class=\"elementor-widget-wrap elementor-element-populated\">\n\t\t\t\t\t\t<div class=\"elementor-element elementor-element-850595a elementor-widget__width-initial elementor-view-default elementor-widget elementor-widget-icon\" data-id=\"850595a\" data-element_type=\"widget\" data-e-type=\"widget\" data-widget_type=\"icon.default\">\n\t\t\t\t<div class=\"elementor-widget-container\">\n\t\t\t\t\t\t\t<div class=\"elementor-icon-wrapper\">\n\t\t\t<div class=\"elementor-icon\">\n\t\t\t<i aria-hidden=\"true\" class=\"fas fa-tractor\"><\/i>\t\t\t<\/div>\n\t\t<\/div>\n\t\t\t\t\t\t<\/div>\n\t\t\t\t<\/div>\n\t\t\t\t\t<\/div>\n\t\t<\/div>\n\t\t\t\t<div class=\"elementor-column elementor-col-50 elementor-top-column elementor-element elementor-element-41e26c4\" data-id=\"41e26c4\" data-element_type=\"column\" data-e-type=\"column\">\n\t\t\t<div class=\"elementor-widget-wrap elementor-element-populated\">\n\t\t\t\t\t\t<div class=\"elementor-element elementor-element-2ada25d elementor-widget__width-initial elementor-widget elementor-widget-text-editor\" data-id=\"2ada25d\" data-element_type=\"widget\" data-e-type=\"widget\" data-widget_type=\"text-editor.default\">\n\t\t\t\t<div class=\"elementor-widget-container\">\n\t\t\t\t\t\t\t\t\t<h2><span style=\"color: #0000ff;\"><a style=\"color: #0000ff;\" href=\"http:\/\/lafermeduharby.be\/wp-content\/uploads\/2024\/02\/prospectus_classes2024.pdf\">Effectuer une r\u00e9servation<\/a><\/span><\/h2>\t\t\t\t\t\t\t\t<\/div>\n\t\t\t\t<\/div>\n\t\t\t\t\t<\/div>\n\t\t<\/div>\n\t\t\t\t\t<\/div>\n\t\t<\/section>\n\t\t\t\t<\/div>\n\t\t","protected":false},"excerpt":{"rendered":"<p>J&rsquo;entends et j\u2019oublieJe vois et je me souviensJe fais et je comprendsProverbe Chinois Effectuer une r\u00e9servation Depuis quelques ann\u00e9es, un certain nombre de fermes ouvrent leurs portes aux enfants et leur permettent d\u2019appr\u00e9hender les r\u00e9alit\u00e9s du m\u00e9tier d\u2019agriculteur.&nbsp;V\u00e9ritables exploitations agricoles, ces fermes p\u00e9dagogiques ont pour objectif de faire d\u00e9couvrir l\u2019agriculture d\u2019aujourd\u2019hui et le milieu rural [&hellip;]<\/p>\n","protected":false},"author":1,"featured_media":0,"parent":0,"menu_order":0,"comment_status":"closed","ping_status":"closed","template":"","meta":{"om_disable_all_campaigns":false,"_monsterinsights_skip_tracking":false,"_monsterinsights_sitenote_active":false,"_monsterinsights_sitenote_note":"","_monsterinsights_sitenote_category":0,"_uf_show_specific_survey":0,"_uf_disable_surveys":false,"ocean_post_layout":"","ocean_both_sidebars_style":"","ocean_both_sidebars_content_width":0,"ocean_both_sidebars_sidebars_width":0,"ocean_sidebar":"","ocean_second_sidebar":"","ocean_disable_margins":"enable","ocean_add_body_class":"","ocean_shortcode_before_top_bar":"","ocean_shortcode_after_top_bar":"","ocean_shortcode_before_header":"","ocean_shortcode_after_header":"","ocean_has_shortcode":"","ocean_shortcode_after_title":"","ocean_shortcode_before_footer_widgets":"","ocean_shortcode_after_footer_widgets":"","ocean_shortcode_before_footer_bottom":"","ocean_shortcode_after_footer_bottom":"","ocean_display_top_bar":"default","ocean_display_header":"default","ocean_header_style":"","ocean_center_header_left_menu":"","ocean_custom_header_template":"","ocean_custom_logo":0,"ocean_custom_retina_logo":0,"ocean_custom_logo_max_width":0,"ocean_custom_logo_tablet_max_width":0,"ocean_custom_logo_mobile_max_width":0,"ocean_custom_logo_max_height":0,"ocean_custom_logo_tablet_max_height":0,"ocean_custom_logo_mobile_max_height":0,"ocean_header_custom_menu":"","ocean_menu_typo_font_family":"","ocean_menu_typo_font_subset":"","ocean_menu_typo_font_size":0,"ocean_menu_typo_font_size_tablet":0,"ocean_menu_typo_font_size_mobile":0,"ocean_menu_typo_font_size_unit":"px","ocean_menu_typo_font_weight":"","ocean_menu_typo_font_weight_tablet":"","ocean_menu_typo_font_weight_mobile":"","ocean_menu_typo_transform":"","ocean_menu_typo_transform_tablet":"","ocean_menu_typo_transform_mobile":"","ocean_menu_typo_line_height":0,"ocean_menu_typo_line_height_tablet":0,"ocean_menu_typo_line_height_mobile":0,"ocean_menu_typo_line_height_unit":"","ocean_menu_typo_spacing":0,"ocean_menu_typo_spacing_tablet":0,"ocean_menu_typo_spacing_mobile":0,"ocean_menu_typo_spacing_unit":"","ocean_menu_link_color":"","ocean_menu_link_color_hover":"","ocean_menu_link_color_active":"","ocean_menu_link_background":"","ocean_menu_link_hover_background":"","ocean_menu_link_active_background":"","ocean_menu_social_links_bg":"","ocean_menu_social_hover_links_bg":"","ocean_menu_social_links_color":"","ocean_menu_social_hover_links_color":"","ocean_disable_title":"default","ocean_disable_heading":"default","ocean_post_title":"","ocean_post_subheading":"","ocean_post_title_style":"","ocean_post_title_background_color":"","ocean_post_title_background":0,"ocean_post_title_bg_image_position":"","ocean_post_title_bg_image_attachment":"","ocean_post_title_bg_image_repeat":"","ocean_post_title_bg_image_size":"","ocean_post_title_height":0,"ocean_post_title_bg_overlay":0.5,"ocean_post_title_bg_overlay_color":"","ocean_disable_breadcrumbs":"default","ocean_breadcrumbs_color":"","ocean_breadcrumbs_separator_color":"","ocean_breadcrumbs_links_color":"","ocean_breadcrumbs_links_hover_color":"","ocean_display_footer_widgets":"default","ocean_display_footer_bottom":"default","ocean_custom_footer_template":"","footnotes":""},"class_list":["post-101","page","type-page","status-publish","hentry","entry"],"aioseo_notices":[],"_links":{"self":[{"href":"https:\/\/lafermeduharby.be\/index.php?rest_route=\/wp\/v2\/pages\/101","targetHints":{"allow":["GET"]}}],"collection":[{"href":"https:\/\/lafermeduharby.be\/index.php?rest_route=\/wp\/v2\/pages"}],"about":[{"href":"https:\/\/lafermeduharby.be\/index.php?rest_route=\/wp\/v2\/types\/page"}],"author":[{"embeddable":true,"href":"https:\/\/lafermeduharby.be\/index.php?rest_route=\/wp\/v2\/users\/1"}],"replies":[{"embeddable":true,"href":"https:\/\/lafermeduharby.be\/index.php?rest_route=%2Fwp%2Fv2%2Fcomments&post=101"}],"version-history":[{"count":16,"href":"https:\/\/lafermeduharby.be\/index.php?rest_route=\/wp\/v2\/pages\/101\/revisions"}],"predecessor-version":[{"id":339,"href":"https:\/\/lafermeduharby.be\/index.php?rest_route=\/wp\/v2\/pages\/101\/revisions\/339"}],"wp:attachment":[{"href":"https:\/\/lafermeduharby.be\/index.php?rest_route=%2Fwp%2Fv2%2Fmedia&parent=101"}],"curies":[{"name":"wp","href":"https:\/\/api.w.org\/{rel}","templated":true}]}}