{"id":37,"date":"2025-01-29T12:14:10","date_gmt":"2025-01-29T11:14:10","guid":{"rendered":"https:\/\/lafermeduharby.be\/?page_id=37"},"modified":"2026-01-30T20:50:20","modified_gmt":"2026-01-30T19:50:20","slug":"accueil","status":"publish","type":"page","link":"https:\/\/lafermeduharby.be\/","title":{"rendered":""},"content":{"rendered":"\t\t<div data-elementor-type=\"wp-page\" data-elementor-id=\"37\" class=\"elementor elementor-37\">\n\t\t\t\t\t\t<section class=\"elementor-section elementor-top-section elementor-element elementor-element-adb50fb elementor-section-full_width elementor-section-stretched elementor-section-height-default elementor-section-height-default\" data-id=\"adb50fb\" data-element_type=\"section\" data-e-type=\"section\" data-settings=\"{&quot;stretch_section&quot;:&quot;section-stretched&quot;}\">\n\t\t\t\t\t\t<div class=\"elementor-container elementor-column-gap-default\">\n\t\t\t\t\t<div class=\"elementor-column elementor-col-50 elementor-top-column elementor-element elementor-element-f6b998c\" data-id=\"f6b998c\" data-element_type=\"column\" data-e-type=\"column\">\n\t\t\t<div class=\"elementor-widget-wrap elementor-element-populated\">\n\t\t\t\t\t\t<div class=\"elementor-element elementor-element-378ce45 elementor-widget elementor-widget-text-editor\" data-id=\"378ce45\" data-element_type=\"widget\" data-e-type=\"widget\" data-widget_type=\"text-editor.default\">\n\t\t\t\t<div class=\"elementor-widget-container\">\n\t\t\t\t\t\t\t\t\t<h1 style=\"font-size: 2.61792em; margin-bottom: 0.540791em; display: var(--page-title-display); font-family: 'Source Sans Pro', HelveticaNeue-Light, 'Helvetica Neue Light', 'Helvetica Neue', Helvetica, Arial, 'Lucida Grande', sans-serif;\">Stages 2026<\/h1><p><span style=\"color: #008000;\">La ferme du Harby accueille vos enfants au grand air !<\/span><br \/><span style=\"color: #008000;\">Equitation, d\u00e9couverte de l\u2019univers de la ferme et de ses animaux, traite des vaches, balades en tracteur et ateliers culinaires et cr\u00e9atifs\u00a0.<\/span><\/p><h4><b style=\"font-size: 17px;\"><span lang=\"fr\"><strong>Nos prochains stages : <\/strong><\/span><\/b>les stages d&rsquo;\u00e9t\u00e9 !<\/h4><p><b style=\"font-size: 17px;\">du lundi 13 au mercredi 15 juillet\u00a0 \u00a0 \u00a0 \u00a0 \u00a0 \u00a0 \u00a04\u00a0 &#8211;\u00a0 6 ans\u00a0 \u00a0 \u00a0 \u00a0 \u00a075 \u20ac<br \/>du lundi 27 au jeudi 30 juillet\u00a0 :\u00a0 \u00a0 \u00a0 \u00a0 \u00a0 \u00a0 \u00a0 \u00a0 \u00a06 ans et +\u00a0 \u00a0 \u00a0 \u00a0 \u00a0100 \u20ac<br \/>du lundi 3\u00a0 au mercredi\u00a0 5 ao\u00fbt :\u00a0 \u00a0 \u00a0 \u00a0 \u00a0 \u00a0 \u00a0 \u00a04\u00a0 &#8211;\u00a0 6 ans\u00a0 \u00a0 \u00a0 \u00a0 \u00a0 75 \u20ac<br \/>du lundi 17 au jeudi 20 ao\u00fbt :\u00a0 \u00a0 \u00a0 \u00a0 \u00a0 \u00a0 \u00a0 \u00a0 \u00a0 \u00a0 6 ans et +\u00a0 \u00a0 \u00a0 \u00a0 \u00a0100 \u20ac<br \/><\/b><\/p><p><span style=\"color: #008000;\">**Nos prix s\u2019entendent activit\u00e9s, collations compris**<\/span><br \/><span style=\"color: #008000;\"><strong>Equipement \u00e0 pr\u00e9voir : pique-nique<\/strong>, gourde, v\u00eatements adapt\u00e9s, pantalon large,<\/span><br \/><span style=\"color: #008000;\">bottes <strong>+<\/strong> chaussures d\u2019int\u00e9rieur !!<\/span><br \/><span style=\"color: #008000;\">-&gt; pas de garderie pr\u00e9vue, merci de respecter les horaires\u00a0<img decoding=\"async\" src=\"https:\/\/ci6.googleusercontent.com\/proxy\/rAVT0nUqzHrMQYfZ_oAFVkbD_LsJGAbmeHOIu4hB8fYqe-5H8x8gaTQTuuCGIEzg4Z2u0X8yJ0nKtgAjjwIL9ptkZLhPIkIL74z3REmDRbHj15XX4w=s0-d-e1-ft#https:\/\/static.xx.fbcdn.net\/images\/emoji.php\/v9\/teb\/2\/16\/1f642.png\" alt=\"\ud83d\ude42\" width=\"16\" height=\"16\" \/><\/span><\/p><p><span style=\"color: #008000;\">Par exp\u00e9rience, le nom des enfants inscrit sur tout ce qu\u2019ils ram\u00e8nent de chez eux nous<\/span><br \/><span style=\"color: #008000;\">permet de restituer, en fin de stage, les objets ou v\u00eatements \u00e0 leurs propri\u00e9taires.<\/span><\/p><p><span style=\"color: #000000; font-family: Roboto, sans-serif; font-size: 14px; font-style: normal; font-variant-ligatures: normal; font-variant-caps: normal; font-weight: 400;\">En inscrivant votre enfant, vous adh\u00e9rez\u00a0<\/span><span style=\"font-variant-ligatures: normal; font-variant-caps: normal; font-family: Roboto, sans-serif; font-size: 14px; font-style: normal; font-weight: bold; color: #000000;\">sans r\u00e9serve\u00a0<\/span><span style=\"color: #000000; font-family: Roboto, sans-serif; font-size: 14px; font-style: normal; font-variant-ligatures: normal; font-variant-caps: normal; font-weight: 400;\">au<\/span><span style=\"font-variant-ligatures: normal; font-variant-caps: normal; font-family: Roboto, sans-serif; font-size: 14px; font-style: normal; font-weight: bold; color: #000000;\"><span style=\"font-size: 14px; color: #0000ff;\"><a style=\"font-size: 14px; color: #0000ff;\" href=\"http:\/\/lafermeduharby.be\/wp-content\/uploads\/2024\/02\/reglement-dordre-interieur-ferme-du-harby.pdf\">\u00a0r\u00e8glement d&rsquo;ordre int\u00e9rieur de la ferme du Harby<\/a>.<\/span><\/span><span style=\"color: #ff0000;\"><strong><br \/><\/strong><\/span><\/p><p><strong><span style=\"color: #339966;\">&#8212;&#8212;&#8212;&#8212;&#8212;&#8212;&#8212;&#8212;&#8212;&#8212;&#8212;&#8212;&#8212;&#8212;&#8212;&#8212;&#8212;&#8212;&#8212;&#8212;&#8212;&#8212;&#8212;&#8212;e<\/span><\/strong><\/p>\t\t\t\t\t\t\t\t<\/div>\n\t\t\t\t<\/div>\n\t\t\t\t\t<\/div>\n\t\t<\/div>\n\t\t\t\t<div class=\"elementor-column elementor-col-50 elementor-top-column elementor-element elementor-element-10541b3\" data-id=\"10541b3\" data-element_type=\"column\" data-e-type=\"column\">\n\t\t\t<div class=\"elementor-widget-wrap elementor-element-populated\">\n\t\t\t\t\t\t<div class=\"elementor-element elementor-element-b6ef714 elementor-widget elementor-widget-image\" data-id=\"b6ef714\" data-element_type=\"widget\" data-e-type=\"widget\" data-widget_type=\"image.default\">\n\t\t\t\t<div class=\"elementor-widget-container\">\n\t\t\t\t\t\t\t\t\t\t\t\t<figure class=\"wp-caption\">\n\t\t\t\t\t\t\t\t\t\t<img fetchpriority=\"high\" decoding=\"async\" width=\"768\" height=\"1024\" src=\"https:\/\/lafermeduharby.be\/wp-content\/uploads\/2023\/09\/20230827_162940-768x1024.jpg\" class=\"attachment-medium_large size-medium_large wp-image-123\" alt=\"\" srcset=\"https:\/\/lafermeduharby.be\/wp-content\/uploads\/2023\/09\/20230827_162940-768x1024.jpg 768w, https:\/\/lafermeduharby.be\/wp-content\/uploads\/2023\/09\/20230827_162940-225x300.jpg 225w, https:\/\/lafermeduharby.be\/wp-content\/uploads\/2023\/09\/20230827_162940-1152x1536.jpg 1152w, https:\/\/lafermeduharby.be\/wp-content\/uploads\/2023\/09\/20230827_162940-1536x2048.jpg 1536w, https:\/\/lafermeduharby.be\/wp-content\/uploads\/2023\/09\/20230827_162940-scaled.jpg 1920w\" sizes=\"(max-width: 768px) 100vw, 768px\" \/>\t\t\t\t\t\t\t\t\t\t\t<figcaption class=\"widget-image-caption wp-caption-text\">Photo par Yseult<\/figcaption>\n\t\t\t\t\t\t\t\t\t\t<\/figure>\n\t\t\t\t\t\t\t\t\t<\/div>\n\t\t\t\t<\/div>\n\t\t\t\t\t<\/div>\n\t\t<\/div>\n\t\t\t\t\t<\/div>\n\t\t<\/section>\n\t\t\t\t<section class=\"elementor-section elementor-top-section elementor-element elementor-element-7ec60df4 elementor-section-full_width elementor-section-stretched elementor-section-height-default elementor-section-height-default\" data-id=\"7ec60df4\" data-element_type=\"section\" data-e-type=\"section\" data-settings=\"{&quot;shape_divider_top&quot;:&quot;mountains&quot;,&quot;shape_divider_bottom&quot;:&quot;waves&quot;,&quot;stretch_section&quot;:&quot;section-stretched&quot;}\">\n\t\t\t\t\t\t\t<div class=\"elementor-background-overlay\"><\/div>\n\t\t\t\t\t\t<div class=\"elementor-shape elementor-shape-top\" aria-hidden=\"true\" data-negative=\"false\">\n\t\t\t<svg xmlns=\"http:\/\/www.w3.org\/2000\/svg\" viewBox=\"0 0 1000 100\" preserveAspectRatio=\"none\">\n\t<path class=\"elementor-shape-fill\" opacity=\"0.33\" d=\"M473,67.3c-203.9,88.3-263.1-34-320.3,0C66,119.1,0,59.7,0,59.7V0h1000v59.7 c0,0-62.1,26.1-94.9,29.3c-32.8,3.3-62.8-12.3-75.8-22.1C806,49.6,745.3,8.7,694.9,4.7S492.4,59,473,67.3z\"\/>\n\t<path class=\"elementor-shape-fill\" opacity=\"0.66\" d=\"M734,67.3c-45.5,0-77.2-23.2-129.1-39.1c-28.6-8.7-150.3-10.1-254,39.1 s-91.7-34.4-149.2,0C115.7,118.3,0,39.8,0,39.8V0h1000v36.5c0,0-28.2-18.5-92.1-18.5C810.2,18.1,775.7,67.3,734,67.3z\"\/>\n\t<path class=\"elementor-shape-fill\" d=\"M766.1,28.9c-200-57.5-266,65.5-395.1,19.5C242,1.8,242,5.4,184.8,20.6C128,35.8,132.3,44.9,89.9,52.5C28.6,63.7,0,0,0,0 h1000c0,0-9.9,40.9-83.6,48.1S829.6,47,766.1,28.9z\"\/>\n<\/svg>\t\t<\/div>\n\t\t\t\t<div class=\"elementor-shape elementor-shape-bottom\" aria-hidden=\"true\" data-negative=\"false\">\n\t\t\t<svg xmlns=\"http:\/\/www.w3.org\/2000\/svg\" viewBox=\"0 0 1000 100\" preserveAspectRatio=\"none\">\n\t<path class=\"elementor-shape-fill\" d=\"M421.9,6.5c22.6-2.5,51.5,0.4,75.5,5.3c23.6,4.9,70.9,23.5,100.5,35.7c75.8,32.2,133.7,44.5,192.6,49.7\n\tc23.6,2.1,48.7,3.5,103.4-2.5c54.7-6,106.2-25.6,106.2-25.6V0H0v30.3c0,0,72,32.6,158.4,30.5c39.2-0.7,92.8-6.7,134-22.4\n\tc21.2-8.1,52.2-18.2,79.7-24.2C399.3,7.9,411.6,7.5,421.9,6.5z\"\/>\n<\/svg>\t\t<\/div>\n\t\t\t\t\t<div class=\"elementor-container elementor-column-gap-default\">\n\t\t\t\t\t<div class=\"elementor-column elementor-col-33 elementor-top-column elementor-element elementor-element-4df7d8f4\" data-id=\"4df7d8f4\" data-element_type=\"column\" data-e-type=\"column\">\n\t\t\t<div class=\"elementor-widget-wrap elementor-element-populated\">\n\t\t\t\t\t\t<div class=\"elementor-element elementor-element-43b427a elementor-widget elementor-widget-text-editor\" data-id=\"43b427a\" data-element_type=\"widget\" data-e-type=\"widget\" data-widget_type=\"text-editor.default\">\n\t\t\t\t<div class=\"elementor-widget-container\">\n\t\t\t\t\t\t\t\t\t<p><b>La Ferme du Harby<br \/><\/b><b>3 Chemin du Harby<br \/><\/b><b>7750 Anser\u0153ul (B)<br \/><\/b><a style=\"font-family: 'Google Sans', Roboto, RobotoDraft, Helvetica, Arial, sans-serif; background-color: #ffffff; color: #1155cc; font-size: small; font-style: normal; font-variant-ligatures: normal; font-variant-caps: normal;\" href=\"mailto:fermeduharby@skynet.be\" target=\"_blank\" rel=\"noopener\"><b>fermeduharby@skynet.be<\/b><\/a><br \/><b style=\"font-style: normal; font-variant-ligatures: normal; font-variant-caps: normal; color: #222222; font-family: 'Google Sans', Roboto, RobotoDraft, Helvetica, Arial, sans-serif; font-size: small;\"><span style=\"color: #222222; font-family: 'Google Sans', Roboto, RobotoDraft, Helvetica, Arial, sans-serif; font-size: small; font-style: normal; font-variant-ligatures: normal; font-variant-caps: normal;\"><b><b><img decoding=\"async\" class=\"wp-image-305 alignleft\" src=\"http:\/\/lafermeduharby.be\/wp-content\/uploads\/2024\/02\/call-300x300.png\" alt=\"\" width=\"25\" height=\"25\" srcset=\"https:\/\/lafermeduharby.be\/wp-content\/uploads\/2024\/02\/call-300x300.png 300w, https:\/\/lafermeduharby.be\/wp-content\/uploads\/2024\/02\/call-150x150.png 150w, https:\/\/lafermeduharby.be\/wp-content\/uploads\/2024\/02\/call.png 512w\" sizes=\"(max-width: 25px) 100vw, 25px\" \/>069 455742<\/b><\/b><\/span><\/b><\/p><p>\u00a0<\/p>\t\t\t\t\t\t\t\t<\/div>\n\t\t\t\t<\/div>\n\t\t\t\t\t<\/div>\n\t\t<\/div>\n\t\t\t\t<div class=\"elementor-column elementor-col-33 elementor-top-column elementor-element elementor-element-6ece8c75\" data-id=\"6ece8c75\" data-element_type=\"column\" data-e-type=\"column\">\n\t\t\t<div class=\"elementor-widget-wrap elementor-element-populated\">\n\t\t\t\t\t\t<div class=\"elementor-element elementor-element-1da3c621 elementor-shape-rounded elementor-grid-0 e-grid-align-center elementor-widget elementor-widget-social-icons\" data-id=\"1da3c621\" data-element_type=\"widget\" data-e-type=\"widget\" data-widget_type=\"social-icons.default\">\n\t\t\t\t<div class=\"elementor-widget-container\">\n\t\t\t\t\t\t\t<div class=\"elementor-social-icons-wrapper elementor-grid\" role=\"list\">\n\t\t\t\t\t\t\t<span class=\"elementor-grid-item\" role=\"listitem\">\n\t\t\t\t\t<a class=\"elementor-icon elementor-social-icon elementor-social-icon-facebook elementor-repeater-item-23408df\" href=\"https:\/\/www.facebook.com\/fermeharby\/?locale=fr_FR\" target=\"_blank\">\n\t\t\t\t\t\t<span class=\"elementor-screen-only\">Facebook<\/span>\n\t\t\t\t\t\t<i aria-hidden=\"true\" class=\"fab fa-facebook\"><\/i>\t\t\t\t\t<\/a>\n\t\t\t\t<\/span>\n\t\t\t\t\t\t\t<span class=\"elementor-grid-item\" role=\"listitem\">\n\t\t\t\t\t<a class=\"elementor-icon elementor-social-icon elementor-social-icon-envelope elementor-repeater-item-5199de2\" href=\"mailto:fermeduharby@skynet.be\" target=\"_blank\">\n\t\t\t\t\t\t<span class=\"elementor-screen-only\">Envelope<\/span>\n\t\t\t\t\t\t<i aria-hidden=\"true\" class=\"fas fa-envelope\"><\/i>\t\t\t\t\t<\/a>\n\t\t\t\t<\/span>\n\t\t\t\t\t\t\t<span class=\"elementor-grid-item\" role=\"listitem\">\n\t\t\t\t\t<a class=\"elementor-icon elementor-social-icon elementor-social-icon-wordpress elementor-repeater-item-ce95e4b\" href=\"https:\/\/lafermeduharby.be\/wp-login.php\" target=\"_blank\">\n\t\t\t\t\t\t<span class=\"elementor-screen-only\">WordPress<\/span>\n\t\t\t\t\t\t<i aria-hidden=\"true\" class=\"fab fa-wordpress\"><\/i>\t\t\t\t\t<\/a>\n\t\t\t\t<\/span>\n\t\t\t\t\t<\/div>\n\t\t\t\t\t\t<\/div>\n\t\t\t\t<\/div>\n\t\t\t\t\t<\/div>\n\t\t<\/div>\n\t\t\t\t<div class=\"elementor-column elementor-col-33 elementor-top-column elementor-element elementor-element-686ea656\" data-id=\"686ea656\" data-element_type=\"column\" data-e-type=\"column\">\n\t\t\t<div class=\"elementor-widget-wrap elementor-element-populated\">\n\t\t\t\t\t\t<div class=\"elementor-element elementor-element-79de59f7 elementor-widget__width-initial elementor-widget elementor-widget-text-editor\" data-id=\"79de59f7\" data-element_type=\"widget\" data-e-type=\"widget\" data-widget_type=\"text-editor.default\">\n\t\t\t\t<div class=\"elementor-widget-container\">\n\t\t\t\t\t\t\t\t\t<p><strong>Copyright \u00a9 La ferme du Harby 2024<\/strong><\/p>\n<p><strong>Webdesign AtelierMedian <a href=\"mailto:phil.dubois@ateliermedian.fr\">phil.dubois@ateliermedian.fr<\/a><\/strong><\/p>\t\t\t\t\t\t\t\t<\/div>\n\t\t\t\t<\/div>\n\t\t\t\t\t<\/div>\n\t\t<\/div>\n\t\t\t\t\t<\/div>\n\t\t<\/section>\n\t\t\t\t<\/div>\n\t\t","protected":false},"excerpt":{"rendered":"<p>Stages 2026 La ferme du Harby accueille vos enfants au grand air !Equitation, d\u00e9couverte de l\u2019univers de la ferme et de ses animaux, traite des vaches, balades en tracteur et ateliers culinaires et cr\u00e9atifs\u00a0. Nos prochains stages : les stages d&rsquo;\u00e9t\u00e9 ! du lundi 13 au mercredi 15 juillet\u00a0 \u00a0 \u00a0 \u00a0 \u00a0 \u00a0 \u00a04\u00a0 [&hellip;]<\/p>\n","protected":false},"author":1,"featured_media":0,"parent":0,"menu_order":0,"comment_status":"closed","ping_status":"closed","template":"","meta":{"om_disable_all_campaigns":false,"_monsterinsights_skip_tracking":false,"_monsterinsights_sitenote_active":false,"_monsterinsights_sitenote_note":"","_monsterinsights_sitenote_category":0,"_uf_show_specific_survey":0,"_uf_disable_surveys":false,"ocean_post_layout":"","ocean_both_sidebars_style":"","ocean_both_sidebars_content_width":0,"ocean_both_sidebars_sidebars_width":0,"ocean_sidebar":"","ocean_second_sidebar":"","ocean_disable_margins":"enable","ocean_add_body_class":"","ocean_shortcode_before_top_bar":"","ocean_shortcode_after_top_bar":"","ocean_shortcode_before_header":"","ocean_shortcode_after_header":"","ocean_has_shortcode":"","ocean_shortcode_after_title":"","ocean_shortcode_before_footer_widgets":"","ocean_shortcode_after_footer_widgets":"","ocean_shortcode_before_footer_bottom":"","ocean_shortcode_after_footer_bottom":"","ocean_display_top_bar":"default","ocean_display_header":"default","ocean_header_style":"","ocean_center_header_left_menu":"","ocean_custom_header_template":"","ocean_custom_logo":0,"ocean_custom_retina_logo":0,"ocean_custom_logo_max_width":0,"ocean_custom_logo_tablet_max_width":0,"ocean_custom_logo_mobile_max_width":0,"ocean_custom_logo_max_height":0,"ocean_custom_logo_tablet_max_height":0,"ocean_custom_logo_mobile_max_height":0,"ocean_header_custom_menu":"","ocean_menu_typo_font_family":"","ocean_menu_typo_font_subset":"","ocean_menu_typo_font_size":0,"ocean_menu_typo_font_size_tablet":0,"ocean_menu_typo_font_size_mobile":0,"ocean_menu_typo_font_size_unit":"px","ocean_menu_typo_font_weight":"","ocean_menu_typo_font_weight_tablet":"","ocean_menu_typo_font_weight_mobile":"","ocean_menu_typo_transform":"","ocean_menu_typo_transform_tablet":"","ocean_menu_typo_transform_mobile":"","ocean_menu_typo_line_height":0,"ocean_menu_typo_line_height_tablet":0,"ocean_menu_typo_line_height_mobile":0,"ocean_menu_typo_line_height_unit":"","ocean_menu_typo_spacing":0,"ocean_menu_typo_spacing_tablet":0,"ocean_menu_typo_spacing_mobile":0,"ocean_menu_typo_spacing_unit":"","ocean_menu_link_color":"","ocean_menu_link_color_hover":"","ocean_menu_link_color_active":"","ocean_menu_link_background":"","ocean_menu_link_hover_background":"","ocean_menu_link_active_background":"","ocean_menu_social_links_bg":"","ocean_menu_social_hover_links_bg":"","ocean_menu_social_links_color":"","ocean_menu_social_hover_links_color":"","ocean_disable_title":"default","ocean_disable_heading":"default","ocean_post_title":"","ocean_post_subheading":"","ocean_post_title_style":"","ocean_post_title_background_color":"","ocean_post_title_background":0,"ocean_post_title_bg_image_position":"","ocean_post_title_bg_image_attachment":"","ocean_post_title_bg_image_repeat":"","ocean_post_title_bg_image_size":"","ocean_post_title_height":0,"ocean_post_title_bg_overlay":0.5,"ocean_post_title_bg_overlay_color":"","ocean_disable_breadcrumbs":"default","ocean_breadcrumbs_color":"","ocean_breadcrumbs_separator_color":"","ocean_breadcrumbs_links_color":"","ocean_breadcrumbs_links_hover_color":"","ocean_display_footer_widgets":"default","ocean_display_footer_bottom":"default","ocean_custom_footer_template":"","footnotes":""},"class_list":["post-37","page","type-page","status-publish","hentry","entry"],"aioseo_notices":[],"_links":{"self":[{"href":"https:\/\/lafermeduharby.be\/index.php?rest_route=\/wp\/v2\/pages\/37","targetHints":{"allow":["GET"]}}],"collection":[{"href":"https:\/\/lafermeduharby.be\/index.php?rest_route=\/wp\/v2\/pages"}],"about":[{"href":"https:\/\/lafermeduharby.be\/index.php?rest_route=\/wp\/v2\/types\/page"}],"author":[{"embeddable":true,"href":"https:\/\/lafermeduharby.be\/index.php?rest_route=\/wp\/v2\/users\/1"}],"replies":[{"embeddable":true,"href":"https:\/\/lafermeduharby.be\/index.php?rest_route=%2Fwp%2Fv2%2Fcomments&post=37"}],"version-history":[{"count":131,"href":"https:\/\/lafermeduharby.be\/index.php?rest_route=\/wp\/v2\/pages\/37\/revisions"}],"predecessor-version":[{"id":457,"href":"https:\/\/lafermeduharby.be\/index.php?rest_route=\/wp\/v2\/pages\/37\/revisions\/457"}],"wp:attachment":[{"href":"https:\/\/lafermeduharby.be\/index.php?rest_route=%2Fwp%2Fv2%2Fmedia&parent=37"}],"curies":[{"name":"wp","href":"https:\/\/api.w.org\/{rel}","templated":true}]}}